{"id":121,"date":"2018-06-02T17:14:08","date_gmt":"2018-06-02T17:14:08","guid":{"rendered":"http:\/\/ikonoclastecompagnie.nogafa.org\/?page_id=121"},"modified":"2021-11-18T17:33:23","modified_gmt":"2021-11-18T17:33:23","slug":"khipou","status":"publish","type":"page","link":"https:\/\/ikonoclastecompagnie.nogafa.org\/index.php\/khipou\/","title":{"rendered":"Khipou"},"content":{"rendered":"<pre><strong><span style=\"color: #ff0000;\"> B         A  A    L      H              M          J  L          A  C   H<\/span><\/strong>\r\n<strong>C<span style=\"color: #ff0000;\">E<\/span>UX Q<span style=\"color: #ff0000;\">U<\/span>I FO<span style=\"color: #ff0000;\">N<\/span>T <span style=\"color: #ff0000;\">L<\/span>ES R<span style=\"color: #ff0000;\">\u00c9<\/span>VO<span style=\"color: #ff0000;\">L<\/span>UTI<span style=\"color: #ff0000;\">O<\/span>NS <span style=\"color: #ff0000;\">\u00c0<\/span> MOIT<span style=\"color: #ff0000;\">I<\/span>\u00c9 N'<span style=\"color: #ff0000;\">O<\/span>NT <span style=\"color: #ff0000;\">F<\/span>A<span style=\"color: #ff0000;\">I<\/span>T QU<span style=\"color: #ff0000;\">E<\/span> S<span style=\"color: #ff0000;\">E<\/span> CREU<span style=\"color: #ff0000;\">S<\/span>ER U<span style=\"color: #ff0000;\">N<\/span> T<span style=\"color: #ff0000;\">O<\/span>MBE<span style=\"color: #ff0000;\">A<\/span>U<\/strong>\r\n<strong><span style=\"color: #ff0000;\"> R     S   T  B    O  O   W         S    U   R X    A        A    T  M   N<\/span><\/strong>\r\n<strong><span style=\"color: #ff0000;\"> T     A   O  E       U   A         I    V   A K    N  F     N    O  I   N<\/span><\/strong>\r\n<strong><span style=\"color: #ff0000;\"> O     D   N  R    F  I   R         D    E   N O       I     T    I  T   A<\/span><\/strong>\r\n<strong><span style=\"color: #ff0000;\"> L     O   I  T    E  S   D         O    M   T      Z  L     A    N  \u00c9   H<\/span><\/strong>\r\n<strong><span style=\"color: #ff0000;\"> D     R   N       R                R    E   Z      I  S          E<\/span><\/strong>\r\n<strong><span style=\"color: #ff0000;\">       A      C    R  G   Z         E    N          E        S       I   A<\/span><\/strong>\r\n<strong><span style=\"color: #ff0000;\"> B         A  A    \u00c9  U   I              T   F      G  D     A    D  N   R<\/span><\/strong>\r\n<strong><span style=\"color: #ff0000;\"> R         R  M       I   N         I        A      L  U     N    \u2018  V   E<\/span><\/strong>\r\n<strong><span style=\"color: #ff0000;\"> E         T  U       L   N         S    D   N      E        G    A  I   N<\/span><\/strong>\r\n<strong><span style=\"color: #ff0000;\"> C         A  S       L             O    U   O      R  R     R    G  S   D<\/span><\/strong>\r\n<strong><span style=\"color: #ff0000;\"> H         U          O             U        N         E     E    A  I   T<\/span><\/strong>\r\n<strong><span style=\"color: #ff0000;\"> T         D          U                  L             Q          T  B<\/span><\/strong>\r\n<strong><span style=\"color: #ff0000;\">                      X                  I             U          A  L<\/span><\/strong>\r\n<strong><span style=\"color: #ff0000;\">                                         B             I             E<\/span><\/strong>\r\n<strong><span style=\"color: #ff0000;\">                                         R             N<\/span><\/strong>\r\n<strong><span style=\"color: #ff0000;\">                                         E<\/span><\/strong>\r\n<strong><span style=\"color: #ff0000;\">                                         -<\/span><\/strong>\r\n<strong><span style=\"color: #ff0000;\">                                         E<\/span><\/strong>\r\n<strong><span style=\"color: #ff0000;\">                                         S<\/span><\/strong>\r\n<strong><span style=\"color: #ff0000;\">                                         P<\/span><\/strong>\r\n<strong><span style=\"color: #ff0000;\">                                         R<\/span><\/strong>\r\n<strong><span style=\"color: #ff0000;\">                                         I<\/span><\/strong>\r\n<strong><span style=\"color: #ff0000;\">                                         T<\/span><\/strong><\/pre>\n","protected":false},"excerpt":{"rendered":"<p>B A A L H M J L A C H CEUX QUI FONT LES R\u00c9VOLUTIONS \u00c0 MOITI\u00c9 N&rsquo;ONT FAIT QUE SE CREUSER UN TOMBEAU R S T B O O W S U R X A A T M N T A O E U A I V A K N F N O [&hellip;]<\/p>\n","protected":false},"author":1,"featured_media":0,"parent":0,"menu_order":0,"comment_status":"closed","ping_status":"closed","template":"","meta":{"jetpack_post_was_ever_published":false,"footnotes":""},"class_list":["post-121","page","type-page","status-publish","hentry"],"jetpack_sharing_enabled":true,"jetpack_shortlink":"https:\/\/wp.me\/P9OHrM-1X","_links":{"self":[{"href":"https:\/\/ikonoclastecompagnie.nogafa.org\/index.php\/wp-json\/wp\/v2\/pages\/121"}],"collection":[{"href":"https:\/\/ikonoclastecompagnie.nogafa.org\/index.php\/wp-json\/wp\/v2\/pages"}],"about":[{"href":"https:\/\/ikonoclastecompagnie.nogafa.org\/index.php\/wp-json\/wp\/v2\/types\/page"}],"author":[{"embeddable":true,"href":"https:\/\/ikonoclastecompagnie.nogafa.org\/index.php\/wp-json\/wp\/v2\/users\/1"}],"replies":[{"embeddable":true,"href":"https:\/\/ikonoclastecompagnie.nogafa.org\/index.php\/wp-json\/wp\/v2\/comments?post=121"}],"version-history":[{"count":6,"href":"https:\/\/ikonoclastecompagnie.nogafa.org\/index.php\/wp-json\/wp\/v2\/pages\/121\/revisions"}],"predecessor-version":[{"id":148,"href":"https:\/\/ikonoclastecompagnie.nogafa.org\/index.php\/wp-json\/wp\/v2\/pages\/121\/revisions\/148"}],"wp:attachment":[{"href":"https:\/\/ikonoclastecompagnie.nogafa.org\/index.php\/wp-json\/wp\/v2\/media?parent=121"}],"curies":[{"name":"wp","href":"https:\/\/api.w.org\/{rel}","templated":true}]}}