{"id":2,"date":"2018-03-20T22:19:09","date_gmt":"2018-03-20T22:19:09","guid":{"rendered":"http:\/\/ikonoclastecompagnie.nogafa.org\/?page_id=2"},"modified":"2021-11-24T13:31:35","modified_gmt":"2021-11-24T13:31:35","slug":"sample-page","status":"publish","type":"page","link":"https:\/\/ikonoclastecompagnie.nogafa.org\/","title":{"rendered":"Kompagnie"},"content":{"rendered":"<blockquote><p>L&rsquo;Ikonoclaste Compagnie ne cr\u00e9e pas de certitude et sugg\u00e8re la potentialit\u00e9 permanente d&rsquo;avoir une autre piste d&rsquo;envol, pour s&rsquo;assurer de garder toujours l&rsquo;esprit ventil\u00e9.<\/p><\/blockquote>\n<p>L&rsquo;Ikonoclaste compagnie, cr\u00e9\u00e9e en 2002, est une troupe pontificale fond\u00e9e \u00e0 Carpentras dans le comtat venaissin en Vaucluse.<br \/>\nAujourd&rsquo;hui install\u00e9e \u00e0 Toulouse, elle se compose de deux actrices, d&rsquo;un acteur, d\u2019une sc\u00e9nographe-plasticienne, d\u2019un vid\u00e9aste, et un metteur en acte ou actionniste* social.<br \/>\n<em>*Actionnisme : Terme sociologique qui d\u00e9finit tout syst\u00e8me \u00e0 partir des actions qui le composent.<\/em><\/p>\n<p>Une troupe de th\u00e9\u00e2tre est un syst\u00e8me social, puisqu&rsquo;humain, que nous d\u00e9finissons \u00e0 partir des mot-<a href=\"https:\/\/www.youtube.com\/watch?v=obb8ngZo8OA&amp;t=3s\" target=\"_blank\" rel=\"noopener\">heurts<\/a> qui composent l\u2019ouvrage et font \u0153uvre.<br \/>\nLe th\u00e9\u00e2tre est depuis trop longtemps investigu\u00e9 par tous les autres champs et disciplines artistiques ou non, nous pensons qu&rsquo;il se doit de repartir \u00e0 l\u2019offensive, fort de son identit\u00e9, il se doit d&rsquo;investir les autres domaines.<br \/>\nLe chant des mots n&rsquo;est-il pas une musicalit\u00e9 qui peut se passer d&rsquo;instrument ?<br \/>\nLes mouvements des protagonistes ne sont-ils pas des rouages d&rsquo;une minutie chor\u00e9graphique ?<br \/>\nLa corr\u00e9lation des deux n&rsquo;est-il pas une partition id\u00e9ale de sens et de chair ?<\/p>\n<p>L\u2019Ikonoclaste Compagnie pratique le questionnement au monde par des actions th\u00e9\u00e2trales et performatives o\u00f9 les corps actant s\u2019investissent tout entier pour mieux convoquer le spectateur sur la sc\u00e8ne m\u00eame de la vie et de l&rsquo;action directe.<\/p>\n<p>&nbsp;<\/p>\n<p>&nbsp;<\/p>\n<blockquote><p>Nous arrivions enfin<\/p>\n<p>Et derri\u00e8re l\u2019amas d\u2019\u00e9toiles, le Soleil<\/p>\n<p>Nous \u00e9clairant nus<\/p>\n<p>Alors nos yeux grands b\u00e9es prirent feu<\/p>\n<p>Et br\u00fbl\u00e8rent dans leurs orbites<\/p>\n<p>Ils br\u00fblent toujours<\/p>\n<p>Et jamais n\u2019ass\u00e8chent nos larmes de sang<\/p><\/blockquote>\n","protected":false},"excerpt":{"rendered":"<p>L&rsquo;Ikonoclaste Compagnie ne cr\u00e9e pas de certitude et sugg\u00e8re la potentialit\u00e9 permanente d&rsquo;avoir une autre piste d&rsquo;envol, pour s&rsquo;assurer de garder toujours l&rsquo;esprit ventil\u00e9. L&rsquo;Ikonoclaste compagnie, cr\u00e9\u00e9e en 2002, est une troupe pontificale fond\u00e9e \u00e0 Carpentras dans le comtat venaissin en Vaucluse. Aujourd&rsquo;hui install\u00e9e \u00e0 Toulouse, elle se compose de deux actrices, d&rsquo;un acteur, d\u2019une [&hellip;]<\/p>\n","protected":false},"author":1,"featured_media":0,"parent":0,"menu_order":0,"comment_status":"closed","ping_status":"open","template":"","meta":{"jetpack_post_was_ever_published":false,"footnotes":""},"class_list":["post-2","page","type-page","status-publish","hentry"],"jetpack_sharing_enabled":true,"jetpack_shortlink":"https:\/\/wp.me\/P9OHrM-2","_links":{"self":[{"href":"https:\/\/ikonoclastecompagnie.nogafa.org\/index.php\/wp-json\/wp\/v2\/pages\/2"}],"collection":[{"href":"https:\/\/ikonoclastecompagnie.nogafa.org\/index.php\/wp-json\/wp\/v2\/pages"}],"about":[{"href":"https:\/\/ikonoclastecompagnie.nogafa.org\/index.php\/wp-json\/wp\/v2\/types\/page"}],"author":[{"embeddable":true,"href":"https:\/\/ikonoclastecompagnie.nogafa.org\/index.php\/wp-json\/wp\/v2\/users\/1"}],"replies":[{"embeddable":true,"href":"https:\/\/ikonoclastecompagnie.nogafa.org\/index.php\/wp-json\/wp\/v2\/comments?post=2"}],"version-history":[{"count":15,"href":"https:\/\/ikonoclastecompagnie.nogafa.org\/index.php\/wp-json\/wp\/v2\/pages\/2\/revisions"}],"predecessor-version":[{"id":150,"href":"https:\/\/ikonoclastecompagnie.nogafa.org\/index.php\/wp-json\/wp\/v2\/pages\/2\/revisions\/150"}],"wp:attachment":[{"href":"https:\/\/ikonoclastecompagnie.nogafa.org\/index.php\/wp-json\/wp\/v2\/media?parent=2"}],"curies":[{"name":"wp","href":"https:\/\/api.w.org\/{rel}","templated":true}]}}