{"id":43,"date":"2018-04-08T16:47:32","date_gmt":"2018-04-08T16:47:32","guid":{"rendered":"http:\/\/ikonoclastecompagnie.nogafa.org\/?page_id=43"},"modified":"2021-12-24T09:50:07","modified_gmt":"2021-12-24T09:50:07","slug":"historique","status":"publish","type":"page","link":"https:\/\/ikonoclastecompagnie.nogafa.org\/index.php\/historique\/","title":{"rendered":"Historique"},"content":{"rendered":"<p style=\"text-align: center;\" align=\"center\"><strong>Pi\u00e8ces jou\u00e9es\u00a0:<\/strong><\/p>\n<p style=\"text-align: center;\" align=\"center\"><strong>Lapin Lapin<\/strong> de Coline SERREAU (2002)<\/p>\n<p style=\"text-align: center;\" align=\"center\"><strong>La chute<\/strong> d&rsquo;Albert CAMUS (2004)<\/p>\n<p style=\"text-align: center;\" align=\"center\"><strong>Bal-Trap<\/strong> de Xavier DURRINGER (2006)<\/p>\n<p style=\"text-align: center;\" align=\"center\"><strong>L&rsquo;\u00c9tat de si\u00e8ge<\/strong> d&rsquo;Albert CAMUS (2008)<\/p>\n<p style=\"text-align: center;\" align=\"center\"><strong>Le tigre bleu de l&rsquo;Euphrate<\/strong> de Laurent GAUD\u00c9 (2010)<\/p>\n<p style=\"text-align: center;\" align=\"center\"><strong>Les bonnes<\/strong> de Jean GENET (2012)<\/p>\n<p style=\"text-align: center;\" align=\"center\"><strong>Karl Marx, le retour<\/strong> d&rsquo;Howard ZINN (2014)<\/p>\n<p style=\"text-align: center;\" align=\"center\"><strong>Le Misanthrope<\/strong> de Moli\u00e8re (2016)<\/p>\n<p align=\"center\"><strong>Le treizi\u00e8me c\u00e9sar <\/strong>de Ixko (2022)<\/p>\n<blockquote>\n<p style=\"text-align: left;\">Nous sommes les oiseaux de mauvaise augure<\/p>\n<p style=\"text-align: left;\">Car nous venons pour combattre le malheur<\/p>\n<p style=\"text-align: left;\">Nos habits noirs sous le soleil<\/p>\n<p style=\"text-align: left;\">Fous aux yeux des fous<\/p>\n<p style=\"text-align: left;\">Aveugles, qui ne voient pas la nuit qui vient<\/p>\n<p style=\"text-align: left;\">Quand l\u2019ombre les couvrira<\/p>\n<p style=\"text-align: left;\">Tous fuiront<\/p>\n<p style=\"text-align: left;\">Abandonnant le champ \u00e0 l\u2019ennemi<\/p>\n<p style=\"text-align: left;\">Alors nous nous dresserons<\/p>\n<p style=\"text-align: left;\">Dans la peur et le d\u00e9sespoir<\/p>\n<p style=\"text-align: left;\">Alors nous livrerons bataille<\/p>\n<p style=\"text-align: left;\">Au plus sombre de la nuit<\/p>\n<\/blockquote>\n","protected":false},"excerpt":{"rendered":"<p>Pi\u00e8ces jou\u00e9es\u00a0: Lapin Lapin de Coline SERREAU (2002) La chute d&rsquo;Albert CAMUS (2004) Bal-Trap de Xavier DURRINGER (2006) L&rsquo;\u00c9tat de si\u00e8ge d&rsquo;Albert CAMUS (2008) Le tigre bleu de l&rsquo;Euphrate de Laurent GAUD\u00c9 (2010) Les bonnes de Jean GENET (2012) Karl Marx, le retour d&rsquo;Howard ZINN (2014) Le Misanthrope de Moli\u00e8re (2016) Le treizi\u00e8me c\u00e9sar de [&hellip;]<\/p>\n","protected":false},"author":1,"featured_media":0,"parent":0,"menu_order":2,"comment_status":"closed","ping_status":"closed","template":"","meta":{"jetpack_post_was_ever_published":false,"footnotes":""},"class_list":["post-43","page","type-page","status-publish","hentry"],"jetpack_sharing_enabled":true,"jetpack_shortlink":"https:\/\/wp.me\/P9OHrM-H","_links":{"self":[{"href":"https:\/\/ikonoclastecompagnie.nogafa.org\/index.php\/wp-json\/wp\/v2\/pages\/43"}],"collection":[{"href":"https:\/\/ikonoclastecompagnie.nogafa.org\/index.php\/wp-json\/wp\/v2\/pages"}],"about":[{"href":"https:\/\/ikonoclastecompagnie.nogafa.org\/index.php\/wp-json\/wp\/v2\/types\/page"}],"author":[{"embeddable":true,"href":"https:\/\/ikonoclastecompagnie.nogafa.org\/index.php\/wp-json\/wp\/v2\/users\/1"}],"replies":[{"embeddable":true,"href":"https:\/\/ikonoclastecompagnie.nogafa.org\/index.php\/wp-json\/wp\/v2\/comments?post=43"}],"version-history":[{"count":15,"href":"https:\/\/ikonoclastecompagnie.nogafa.org\/index.php\/wp-json\/wp\/v2\/pages\/43\/revisions"}],"predecessor-version":[{"id":152,"href":"https:\/\/ikonoclastecompagnie.nogafa.org\/index.php\/wp-json\/wp\/v2\/pages\/43\/revisions\/152"}],"wp:attachment":[{"href":"https:\/\/ikonoclastecompagnie.nogafa.org\/index.php\/wp-json\/wp\/v2\/media?parent=43"}],"curies":[{"name":"wp","href":"https:\/\/api.w.org\/{rel}","templated":true}]}}